{"id":26,"date":"2025-07-09T07:15:40","date_gmt":"2025-07-09T07:15:40","guid":{"rendered":"https:\/\/szendvicsbarhub.hu\/?page_id=26"},"modified":"2025-08-19T06:24:01","modified_gmt":"2025-08-19T06:24:01","slug":"fooldal","status":"publish","type":"page","link":"https:\/\/szendvicsbarhub.hu\/en\/","title":{"rendered":"F\u0151oldal"},"content":{"rendered":"<p>[et_pb_section fb_built=&#8221;1&#8243; _builder_version=&#8221;4.27.4&#8243; _module_preset=&#8221;default&#8221; background_image=&#8221;https:\/\/szendvicsbarhub.hu\/wp-content\/uploads\/2025\/07\/magicpattern-mesh-gradient-1752050012711.webp&#8221; global_colors_info=&#8221;{}&#8221;][et_pb_row _builder_version=&#8221;4.27.4&#8243; _module_preset=&#8221;default&#8221; global_colors_info=&#8221;{}&#8221;][et_pb_column type=&#8221;4_4&#8243; _builder_version=&#8221;4.27.4&#8243; _module_preset=&#8221;default&#8221; global_colors_info=&#8221;{}&#8221;][et_pb_heading title=&#8221;SZENDVICSB\u00c1R_K\u00d6Z\u00d6SS\u00c9GI T\u00c9R&#8221; _builder_version=&#8221;4.27.4&#8243; _module_preset=&#8221;default&#8221; title_font=&#8221;Bebas Neue||||||||&#8221; title_text_align=&#8221;center&#8221; title_text_color=&#8221;#F9F9F4&#8243; title_font_size=&#8221;70px&#8221; title_letter_spacing=&#8221;2px&#8221; global_colors_info=&#8221;{}&#8221;][\/et_pb_heading][et_pb_heading title=&#8221;Mert kell, hogy legyen egy k\u00f6z\u00f6s t\u00e9r!&#8221; _builder_version=&#8221;4.27.4&#8243; _module_preset=&#8221;default&#8221; title_level=&#8221;h2&#8243; title_font=&#8221;Archivo Black||||||||&#8221; title_text_align=&#8221;center&#8221; title_text_color=&#8221;#192F47&#8243; global_colors_info=&#8221;{}&#8221;][\/et_pb_heading][et_pb_text _builder_version=&#8221;4.27.4&#8243; _module_preset=&#8221;default&#8221; text_text_color=&#8221;#F9F9F4&#8243; text_orientation=&#8221;center&#8221; global_colors_info=&#8221;{}&#8221;]<\/p>\n<p>Tarts vel\u00fcnk egy nyitott kultur\u00e1lis t\u00e9rben!<br \/>Aj\u00e1nlj programot, csatlakozz esem\u00e9nyeinkhez, vagy foglalj termet saj\u00e1t kezdem\u00e9nyez\u00e9sedhez <br \/>\u2013 n\u00e1lunk a k\u00f6z\u00f6ss\u00e9g form\u00e1lja a helyet.<\/p>\n<p>[\/et_pb_text][\/et_pb_column][\/et_pb_row][\/et_pb_section][et_pb_section fb_built=&#8221;1&#8243; _builder_version=&#8221;4.27.4&#8243; _module_preset=&#8221;default&#8221; background_color=&#8221;#FCDBC2&#8243; custom_padding=&#8221;0px||0px||true|false&#8221; hover_enabled=&#8221;0&#8243; global_colors_info=&#8221;{}&#8221; sticky_enabled=&#8221;0&#8243;][et_pb_row _builder_version=&#8221;4.27.4&#8243; _module_preset=&#8221;default&#8221; width=&#8221;100%&#8221; max_width=&#8221;100%&#8221; custom_padding=&#8221;12px||12px||true|false&#8221; global_colors_info=&#8221;{}&#8221;][et_pb_column type=&#8221;4_4&#8243; _builder_version=&#8221;4.27.4&#8243; _module_preset=&#8221;default&#8221; global_colors_info=&#8221;{}&#8221;][et_pb_text _builder_version=&#8221;4.27.4&#8243; _module_preset=&#8221;default&#8221; text_font=&#8221;|800||on|||||&#8221; text_text_color=&#8221;#192F47&#8243; text_orientation=&#8221;center&#8221; width=&#8221;100%&#8221; max_width=&#8221;100%&#8221; custom_margin=&#8221;0px|0px|0px|0px|false|false&#8221; custom_padding=&#8221;0px|0px|0px|0px|false|false&#8221; global_colors_info=&#8221;{}&#8221;]<\/p>\n<p>nemzetk\u00f6zi <span>\u00b7 multikulti \u00b7 befogad\u00f3 \u00b7 otthonos \u00b7 szabad \u00b7 sokf\u00e9le \u00b7 hozz\u00e1f\u00e9rhet\u0151 \u00b7 v\u00e1rosi \u00b7 m\u0171v\u00e9szeti \u00b7 interdiszciplin\u00e1ris \u00b7 finom<\/span><\/p>\n<p>[\/et_pb_text][\/et_pb_column][\/et_pb_row][\/et_pb_section][et_pb_section fb_built=&#8221;1&#8243; _builder_version=&#8221;4.27.4&#8243; _module_preset=&#8221;default&#8221; global_colors_info=&#8221;{}&#8221;][et_pb_row column_structure=&#8221;3_5,2_5&#8243; make_equal=&#8221;on&#8221; _builder_version=&#8221;4.27.4&#8243; _module_preset=&#8221;default&#8221; max_width=&#8221;80%&#8221; module_alignment=&#8221;center&#8221; global_colors_info=&#8221;{}&#8221;][et_pb_column type=&#8221;3_5&#8243; _builder_version=&#8221;4.27.4&#8243; _module_preset=&#8221;default&#8221; global_colors_info=&#8221;{}&#8221;][et_pb_text _builder_version=&#8221;4.27.4&#8243; _module_preset=&#8221;default&#8221; global_colors_info=&#8221;{}&#8221;]<\/p>\n<h2>PROGRAMJAINK<\/h2>\n<p>[\/et_pb_text][et_pb_text _builder_version=&#8221;4.27.4&#8243; _module_preset=&#8221;default&#8221; text_font_size=&#8221;20px&#8221; text_line_height=&#8221;1.8em&#8221; custom_padding=&#8221;||||false|false&#8221; global_colors_info=&#8221;{}&#8221;]<\/p>\n<p>A szendvicsb\u00e1rban v\u00e1ltozatos esem\u00e9nyek zajlanak, melyek k\u00f6z\u00f6s \u00e9lm\u00e9nyt \u00e9s kapcsolat\u00e9p\u00edt\u00e9st szolg\u00e1lnak: gyakran tartunk zenei esteket, k\u00f6z\u00f6ss\u00e9gi besz\u00e9lget\u00e9seket, m\u0171v\u00e9szeti workshopokat \u00e9s kisebb ki\u00e1ll\u00edt\u00e1sokat. Emellett rendszeresen szervez\u00fcnk tematikus programokat, amelyek a hely nyitott, befogad\u00f3 hangulat\u00e1t er\u0151s\u00edtik. A k\u00f6z\u00f6ss\u00e9g akt\u00edv r\u00e9szv\u00e9tel\u00e9vel lehet\u0151s\u00e9g van programjavaslatok beny\u00fajt\u00e1s\u00e1ra \u2014 ak\u00e1r saj\u00e1t esem\u00e9ny szervez\u00e9s\u00e9re, ak\u00e1r m\u00e1sok \u00f6tleteinek megval\u00f3s\u00edt\u00e1s\u00e1ra \u2013, hiszen a szendvicsb\u00e1r pontosan \u00edgy v\u00e1lik \u00e9l\u0151, folyamatosan form\u00e1l\u00f3d\u00f3 helly\u00e9.<\/p>\n<p>[\/et_pb_text][et_pb_heading title=&#8221;Aktu\u00e1lis programok&#8221; _builder_version=&#8221;4.27.4&#8243; _module_preset=&#8221;default&#8221; title_level=&#8221;h3&#8243; title_font=&#8221;Archivo Black|||on|||||&#8221; global_colors_info=&#8221;{}&#8221;][\/et_pb_heading][et_pb_code _builder_version=&#8221;4.27.4&#8243; _module_preset=&#8221;default&#8221; global_colors_info=&#8221;{}&#8221;]\t\t<div class=\"row_grid\">\n\t\t\tNo Events are found.\t\t<\/div>\n\t\t<style type=\"text\/css\">\n\t\t\t.ife_event .event_date{\n\t\t\t\tbackground-color: #6177a4;\n\t\t\t}\n\t\t\t.ife_event .event_desc .event_title{\n\t\t\t\tcolor: #6177a4;\n\t\t\t}\n\t\t<\/style>\n\t\t[\/et_pb_code][et_pb_button button_text=&#8221;PROGRAMOT JAVASLOK&#8221; _builder_version=&#8221;4.27.4&#8243; _module_preset=&#8221;default&#8221; custom_button=&#8221;on&#8221; button_text_color=&#8221;#F9F9F4&#8243; button_bg_use_color_gradient=&#8221;on&#8221; button_bg_color_gradient_type=&#8221;circular&#8221; button_bg_color_gradient_direction_radial=&#8221;bottom&#8221; button_bg_color_gradient_stops=&#8221;#edd9ae 0%|rgba(202,108,60,0.9) 61%|rgba(97,119,164,0.61) 99%&#8221; button_bg_image=&#8221;https:\/\/szendvicsbarhub.hu\/wp-content\/uploads\/2025\/07\/magicpattern-mesh-gradient-1752050012711-e1752050612765.webp&#8221; button_border_width=&#8221;0px&#8221; button_border_color=&#8221;#CA6C3C&#8221; button_border_radius=&#8221;16px&#8221; button_font=&#8221;Archivo Black||||||||&#8221; box_shadow_style=&#8221;preset6&#8243; global_colors_info=&#8221;{}&#8221;][\/et_pb_button][et_pb_button button_text=&#8221;MEGN\u00c9ZEM A NAPT\u00c1RAT&#8221; _builder_version=&#8221;4.27.4&#8243; _module_preset=&#8221;default&#8221; custom_button=&#8221;on&#8221; button_text_color=&#8221;#F9F9F4&#8243; button_bg_use_color_gradient=&#8221;on&#8221; button_bg_color_gradient_type=&#8221;circular&#8221; button_bg_color_gradient_direction_radial=&#8221;bottom&#8221; button_bg_color_gradient_stops=&#8221;#edd9ae 0%|rgba(202,108,60,0.9) 61%|rgba(97,119,164,0.61) 99%&#8221; button_bg_image=&#8221;https:\/\/szendvicsbarhub.hu\/wp-content\/uploads\/2025\/07\/magicpattern-mesh-gradient-1752050012711-e1752050612765.webp&#8221; button_border_width=&#8221;0px&#8221; button_border_color=&#8221;#CA6C3C&#8221; button_border_radius=&#8221;16px&#8221; button_font=&#8221;Archivo Black||||||||&#8221; box_shadow_style=&#8221;preset6&#8243; global_colors_info=&#8221;{}&#8221;][\/et_pb_button][dsm_button _builder_version=&#8221;4.27.4&#8243; _module_preset=&#8221;default&#8221; global_colors_info=&#8221;{}&#8221;][\/dsm_button][\/et_pb_column][et_pb_column type=&#8221;2_5&#8243; _builder_version=&#8221;4.27.4&#8243; _module_preset=&#8221;default&#8221; custom_css_main_element=&#8221;\t||margin: auto;&#8221; global_colors_info=&#8221;{}&#8221;][et_pb_image src=&#8221;https:\/\/szendvicsbarhub.hu\/wp-content\/uploads\/2025\/07\/szendvicsbar-kozossegi-ter22.png&#8221; title_text=&#8221;szendvicsbar-kozossegi-ter22&#8243; _builder_version=&#8221;4.27.4&#8243; _module_preset=&#8221;default&#8221; global_colors_info=&#8221;{}&#8221;][\/et_pb_image][\/et_pb_column][\/et_pb_row][\/et_pb_section][et_pb_section fb_built=&#8221;1&#8243; _builder_version=&#8221;4.27.4&#8243; _module_preset=&#8221;default&#8221; background_enable_color=&#8221;off&#8221; background_image=&#8221;https:\/\/szendvicsbarhub.hu\/wp-content\/uploads\/2025\/07\/szendvicsbar-teremberles-fade.webp&#8221; global_colors_info=&#8221;{}&#8221;][et_pb_row _builder_version=&#8221;4.27.4&#8243; _module_preset=&#8221;default&#8221; background_color=&#8221;#F9F9F4&#8243; background_enable_image=&#8221;off&#8221; background_size=&#8221;custom&#8221; background_image_width=&#8221;21%&#8221; background_position=&#8221;top_right&#8221; custom_padding=&#8221;60px|30px|60px|30px|false|false&#8221; global_colors_info=&#8221;{}&#8221;][et_pb_column type=&#8221;4_4&#8243; _builder_version=&#8221;4.27.4&#8243; _module_preset=&#8221;default&#8221; global_colors_info=&#8221;{}&#8221;][et_pb_text _builder_version=&#8221;4.27.4&#8243; _module_preset=&#8221;default&#8221; global_colors_info=&#8221;{}&#8221;]<\/p>\n<h2 style=\"text-align: center;\">A t\u00e9rr\u0151l<\/h2>\n<div dir=\"auto\">Ha van egy j\u00f3 \u00f6tleted, aminek csak hely kell \u00e9s \u00fagy \u00e9rzed, egy hasonl\u00f3 hangulat\u00fa placcon j\u00f3 helye lenne, keress minket b\u00e1tran!<\/div>\n<div dir=\"auto\">Els\u0151sorban olyan rendszeres csoportokat v\u00e1runk,akik h\u00e9tf\u0151nk\u00e9nt\/keddenk\u00e9nt\/szerda d\u00e9lut\u00e1nonk\u00e9nt j\u00f6nn\u00e9nek hozz\u00e1nk. De alkalmi \u00f6tletek, vagy m\u00e1s ig\u00e9ny is sz\u00f3baj\u00f6het, am\u00edg van szabad id\u0151pontunk, min\u00e9l t\u00f6bb minden t\u00f6rt\u00e9nik, ann\u00e1l jobb!<\/div>\n<p>[\/et_pb_text][et_pb_gallery gallery_ids=&#8221;123,93,99,107&#8243; show_title_and_caption=&#8221;off&#8221; show_pagination=&#8221;off&#8221; _builder_version=&#8221;4.27.4&#8243; _module_preset=&#8221;default&#8221; custom_margin=&#8221;||51px|||&#8221; global_colors_info=&#8221;{}&#8221;][\/et_pb_gallery][et_pb_button button_text=&#8221;\u00c9RDEKEL A TEREMB\u00c9RL\u00c9S&#8221; button_alignment=&#8221;center&#8221; _builder_version=&#8221;4.27.4&#8243; _module_preset=&#8221;default&#8221; custom_button=&#8221;on&#8221; button_text_color=&#8221;#F9F9F4&#8243; button_bg_use_color_gradient=&#8221;on&#8221; button_bg_color_gradient_type=&#8221;circular&#8221; button_bg_color_gradient_direction_radial=&#8221;bottom&#8221; button_bg_color_gradient_stops=&#8221;#edd9ae 0%|rgba(202,108,60,0.9) 61%|rgba(97,119,164,0.61) 99%&#8221; button_bg_image=&#8221;https:\/\/szendvicsbarhub.hu\/wp-content\/uploads\/2025\/07\/magicpattern-mesh-gradient-1752050012711-e1752050612765.webp&#8221; button_border_width=&#8221;0px&#8221; button_border_color=&#8221;#CA6C3C&#8221; button_border_radius=&#8221;16px&#8221; button_font=&#8221;Archivo Black||||||||&#8221; box_shadow_style=&#8221;preset6&#8243; global_colors_info=&#8221;{}&#8221;][\/et_pb_button][\/et_pb_column][\/et_pb_row][\/et_pb_section][et_pb_section fb_built=&#8221;1&#8243; _builder_version=&#8221;4.27.4&#8243; _module_preset=&#8221;default&#8221; global_colors_info=&#8221;{}&#8221;][et_pb_row column_structure=&#8221;1_3,2_3&#8243; _builder_version=&#8221;4.27.4&#8243; _module_preset=&#8221;default&#8221; global_colors_info=&#8221;{}&#8221;][et_pb_column type=&#8221;1_3&#8243; _builder_version=&#8221;4.27.4&#8243; _module_preset=&#8221;default&#8221; global_colors_info=&#8221;{}&#8221;][et_pb_image src=&#8221;https:\/\/szendvicsbarhub.hu\/wp-content\/uploads\/2025\/07\/szendvicsbar-kozossegi-ter23.png&#8221; title_text=&#8221;szendvicsbar-kozossegi-ter23&#8243; _builder_version=&#8221;4.27.4&#8243; _module_preset=&#8221;default&#8221; global_colors_info=&#8221;{}&#8221;][\/et_pb_image][\/et_pb_column][et_pb_column type=&#8221;2_3&#8243; _builder_version=&#8221;4.27.4&#8243; _module_preset=&#8221;default&#8221; global_colors_info=&#8221;{}&#8221;][et_pb_text _builder_version=&#8221;4.27.4&#8243; _module_preset=&#8221;default&#8221; global_colors_info=&#8221;{}&#8221;]<\/p>\n<h2 style=\"text-align: left;\">Sz\u00e1m\u00edt a t\u00e1mogat\u00e1sod!<\/h2>\n<p>[\/et_pb_text][et_pb_text _builder_version=&#8221;4.27.4&#8243; _module_preset=&#8221;default&#8221; text_font_size=&#8221;20px&#8221; text_line_height=&#8221;1.8em&#8221; custom_padding=&#8221;||||false|false&#8221; global_colors_info=&#8221;{}&#8221;]<\/p>\n<p data-start=\"115\" data-end=\"152\"><span class=\"relative -mx-px my-[-0.2rem] rounded px-px py-[0.2rem] transition-colors duration-100 ease-in-out\">Minden felaj\u00e1nl\u00e1s \u2013 m\u00e9g a legapr\u00f3bb is \u2013 hozz\u00e1j\u00e1rul k\u00f6z\u00f6ss\u00e9g\u00fcnk k\u00f6z\u00f6s c\u00e9ljaihoz:<\/span><\/p>\n<p>[\/et_pb_text][dsm_icon_list _builder_version=&#8221;4.27.4&#8243; _module_preset=&#8221;default&#8221; global_colors_info=&#8221;{}&#8221;][dsm_icon_list_child text=&#8221;K\u00f6z\u00f6ss\u00e9gi esem\u00e9nyek szervez\u00e9se (pl. Szomsz\u00e9d\u00fcnnep)&#8221; font_icon=&#8221;&#xe08a;||divi||400&#8243; icon_color=&#8221;#CA6C3C&#8221; icon_background_color=&#8221;#EDD9AE&#8221; icon_padding=&#8221;4px&#8221; icon_font_size=&#8221;19px&#8221; _builder_version=&#8221;4.27.4&#8243; _module_preset=&#8221;default&#8221; text_line_height=&#8221;2.3em&#8221; custom_padding=&#8221;|||10px|false|false&#8221; border_radii_icon=&#8221;on|104px|104px|104px|104px&#8221; box_shadow_style_icon=&#8221;preset3&#8243; global_colors_info=&#8221;{}&#8221; text_line_height__hover_enabled=&#8221;on|desktop&#8221; text_line_height__hover=&#8221;2.3em&#8221;][\/dsm_icon_list_child][dsm_icon_list_child text=&#8221;K\u00f6z\u00f6ss\u00e9gi esem\u00e9nyek szervez\u00e9se (pl. Szomsz\u00e9d\u00fcnnep)&#8221; font_icon=&#8221;&#xe08a;||divi||400&#8243; icon_color=&#8221;#CA6C3C&#8221; icon_background_color=&#8221;#EDD9AE&#8221; icon_padding=&#8221;4px&#8221; icon_font_size=&#8221;19px&#8221; _builder_version=&#8221;4.27.4&#8243; _module_preset=&#8221;default&#8221; text_line_height=&#8221;2.3em&#8221; custom_padding=&#8221;|||10px|false|false&#8221; border_radii_icon=&#8221;on|104px|104px|104px|104px&#8221; box_shadow_style_icon=&#8221;preset3&#8243; global_colors_info=&#8221;{}&#8221; text_line_height__hover_enabled=&#8221;on|desktop&#8221; text_line_height__hover=&#8221;2.3em&#8221;][\/dsm_icon_list_child][dsm_icon_list_child text=&#8221;K\u00f6z\u00f6ss\u00e9gi esem\u00e9nyek szervez\u00e9se (pl. Szomsz\u00e9d\u00fcnnep)&#8221; font_icon=&#8221;&#xe08a;||divi||400&#8243; icon_color=&#8221;#CA6C3C&#8221; icon_background_color=&#8221;#EDD9AE&#8221; icon_padding=&#8221;4px&#8221; icon_font_size=&#8221;19px&#8221; _builder_version=&#8221;4.27.4&#8243; _module_preset=&#8221;default&#8221; text_line_height=&#8221;2.3em&#8221; custom_padding=&#8221;|||10px|false|false&#8221; border_radii_icon=&#8221;on|104px|104px|104px|104px&#8221; box_shadow_style_icon=&#8221;preset3&#8243; global_colors_info=&#8221;{}&#8221; text_line_height__hover_enabled=&#8221;on|desktop&#8221; text_line_height__hover=&#8221;2.3em&#8221;][\/dsm_icon_list_child][dsm_icon_list_child text=&#8221;K\u00f6z\u00f6ss\u00e9gi esem\u00e9nyek szervez\u00e9se (pl. Szomsz\u00e9d\u00fcnnep)&#8221; font_icon=&#8221;&#xe08a;||divi||400&#8243; icon_color=&#8221;#CA6C3C&#8221; icon_background_color=&#8221;#EDD9AE&#8221; icon_padding=&#8221;4px&#8221; icon_font_size=&#8221;19px&#8221; _builder_version=&#8221;4.27.4&#8243; _module_preset=&#8221;default&#8221; text_line_height=&#8221;2.3em&#8221; custom_padding=&#8221;|||10px|false|false&#8221; border_radii_icon=&#8221;on|104px|104px|104px|104px&#8221; box_shadow_style_icon=&#8221;preset3&#8243; global_colors_info=&#8221;{}&#8221; text_line_height__hover_enabled=&#8221;on|desktop&#8221; text_line_height__hover=&#8221;2.3em&#8221;][\/dsm_icon_list_child][\/dsm_icon_list][et_pb_button button_url=&#8221;https:\/\/whydonate.com\/fundraising\/a-mi-csikagonk-szomszedunnep-our-csikago-neighbourhood-festival?fbclid=IwY2xjawMQ9P1leHRuA2FlbQIxMABicmlkETFSbk90bkZBczd5M2Rpc2tRAR4NEOz0e55CSzLGaHsvVr7RN-bEVtuWaZN-8pdlL-fmQL90_jFUYtQ-DPFvfA_aem_NgalGT1KsaP_SQL_sXhhlw&#8221; url_new_window=&#8221;on&#8221; button_text=&#8221;T\u00c1MOGAT\u00d3 LESZEK&#8221; button_alignment=&#8221;left&#8221; _builder_version=&#8221;4.27.4&#8243; _module_preset=&#8221;default&#8221; custom_button=&#8221;on&#8221; button_text_color=&#8221;#F9F9F4&#8243; button_bg_use_color_gradient=&#8221;on&#8221; button_bg_color_gradient_type=&#8221;circular&#8221; button_bg_color_gradient_direction_radial=&#8221;bottom&#8221; button_bg_color_gradient_stops=&#8221;#edd9ae 0%|rgba(202,108,60,0.9) 61%|rgba(97,119,164,0.61) 99%&#8221; button_bg_image=&#8221;https:\/\/szendvicsbarhub.hu\/wp-content\/uploads\/2025\/07\/magicpattern-mesh-gradient-1752050012711-e1752050612765.webp&#8221; button_border_width=&#8221;0px&#8221; button_border_color=&#8221;#CA6C3C&#8221; button_border_radius=&#8221;16px&#8221; button_font=&#8221;Archivo Black||||||||&#8221; box_shadow_style=&#8221;preset6&#8243; global_colors_info=&#8221;{}&#8221;][\/et_pb_button][\/et_pb_column][\/et_pb_row][\/et_pb_section]<\/p>","protected":false},"excerpt":{"rendered":"<p>Tarts vel\u00fcnk egy nyitott kultur\u00e1lis t\u00e9rben!Aj\u00e1nlj programot, csatlakozz esem\u00e9nyeinkhez, vagy foglalj termet saj\u00e1t kezdem\u00e9nyez\u00e9sedhez \u2013 n\u00e1lunk a k\u00f6z\u00f6ss\u00e9g form\u00e1lja a helyet.nemzetk\u00f6zi \u00b7 multikulti \u00b7 befogad\u00f3 \u00b7 otthonos \u00b7 szabad \u00b7 sokf\u00e9le \u00b7 hozz\u00e1f\u00e9rhet\u0151 \u00b7 v\u00e1rosi \u00b7 m\u0171v\u00e9szeti \u00b7 interdiszciplin\u00e1ris \u00b7 finomPROGRAMJAINKA szendvicsb\u00e1rban v\u00e1ltozatos esem\u00e9nyek zajlanak, melyek k\u00f6z\u00f6s \u00e9lm\u00e9nyt \u00e9s kapcsolat\u00e9p\u00edt\u00e9st szolg\u00e1lnak: gyakran tartunk zenei esteket, k\u00f6z\u00f6ss\u00e9gi besz\u00e9lget\u00e9seket, m\u0171v\u00e9szeti workshopokat \u00e9s kisebb ki\u00e1ll\u00edt\u00e1sokat. Emellett rendszeresen szervez\u00fcnk tematikus programokat, amelyek a hely nyitott, befogad\u00f3 hangulat\u00e1t er\u0151s\u00edtik. A k\u00f6z\u00f6ss\u00e9g akt\u00edv r\u00e9szv\u00e9tel\u00e9vel lehet\u0151s\u00e9g van programjavaslatok beny\u00fajt\u00e1s\u00e1ra \u2014 ak\u00e1r saj\u00e1t esem\u00e9ny szervez\u00e9s\u00e9re, ak\u00e1r m\u00e1sok \u00f6tleteinek megval\u00f3s\u00edt\u00e1s\u00e1ra \u2013, hiszen a szendvicsb\u00e1r pontosan \u00edgy v\u00e1lik \u00e9l\u0151, folyamatosan form\u00e1l\u00f3d\u00f3 helly\u00e9.\t\t<div class=\"row_grid\">\n\t\t\tNo Events are found.\t\t<\/div>\n\t\t<style type=\"text\/css\">\n\t\t\t.ife_event .event_date{\n\t\t\t\tbackground-color: #6177a4;\n\t\t\t}\n\t\t\t.ife_event .event_desc .event_title{\n\t\t\t\tcolor: #6177a4;\n\t\t\t}\n\t\t<\/style>\n\t\t<div class=\"et_pb_module dsm_button dsm_button_0 et_pb_bg_layout_light\">\n\t\t\t\t\n\t\t\t\t\n\t\t\t\t\n\t\t\t\t\n\t\t\t\t\n\t\t\t\t\n\t\t\t\t<div class=\"et_pb_module_inner\">\n\t\t\t\t\t<div class=\"et_pb_button_module_wrappers dsm_button_0_wrapper  et_pb_module\">\n\t\t\t\t\n\t\t\t<\/div>\n\t\t\t\t<\/div>\n\t\t\t<\/div>A t\u00e9rr\u0151l Ha van egy j\u00f3 \u00f6tleted, aminek csak hely kell \u00e9s \u00fagy \u00e9rzed, egy hasonl\u00f3 hangulat\u00fa placcon j\u00f3 helye lenne, keress minket b\u00e1tran! Els\u0151sorban olyan rendszeres csoportokat v\u00e1runk,akik h\u00e9tf\u0151nk\u00e9nt\/keddenk\u00e9nt\/szerda d\u00e9lut\u00e1nonk\u00e9nt j\u00f6nn\u00e9nek hozz\u00e1nk. De alkalmi \u00f6tletek, vagy m\u00e1s ig\u00e9ny is sz\u00f3baj\u00f6het, am\u00edg van szabad id\u0151pontunk, min\u00e9l t\u00f6bb minden t\u00f6rt\u00e9nik, ann\u00e1l jobb!Sz\u00e1m\u00edt a t\u00e1mogat\u00e1sod!Minden felaj\u00e1nl\u00e1s \u2013 m\u00e9g a legapr\u00f3bb is \u2013 hozz\u00e1j\u00e1rul k\u00f6z\u00f6ss\u00e9g\u00fcnk k\u00f6z\u00f6s c\u00e9ljaihoz:<div class=\"et_pb_module dsm_icon_list dsm_icon_list_0\">\n\t\t\t\t\n\t\t\t\t\n\t\t\t\t\n\t\t\t\t\n\t\t\t\t\n\t\t\t\t\n\t\t\t\t<div class=\"et_pb_module_inner\">\n\t\t\t\t\t<ul class=\"dsm_icon_list_items dsm_icon_list_ltr_direction dsm_icon_list_layout_vertical\"><\/ul>\n\t\t\t\t<\/div>\n\t\t\t<\/div><li class=\"dsm_icon_list_child dsm_icon_list_child_0\">\n\t\t\t\t\n\t\t\t\t\n\t\t\t\t\n\t\t\t\t\n\t\t\t\t<span class=\"dsm_icon_list_wrapper\"><span class=\"dsm_icon_list_icon\">\ue08a<\/span><\/span><span class=\"dsm_icon_list_text\">K\u00f6z\u00f6ss\u00e9gi esem\u00e9nyek szervez\u00e9se (pl. Szomsz\u00e9d\u00fcnnep)<\/span>\n\t\t\t<\/li><li class=\"dsm_icon_list_child dsm_icon_list_child_1\">\n\t\t\t\t\n\t\t\t\t\n\t\t\t\t\n\t\t\t\t\n\t\t\t\t<span class=\"dsm_icon_list_wrapper\"><span class=\"dsm_icon_list_icon\"><\/span><\/span><span class=\"dsm_icon_list_text\">&#8221;K\u00f6z\u00f6ss\u00e9gi<\/span>\n\t\t\t<\/li><\/p>","protected":false},"author":1,"featured_media":0,"parent":0,"menu_order":0,"comment_status":"closed","ping_status":"closed","template":"","meta":{"_et_pb_use_builder":"on","_et_pb_old_content":"","_et_gb_content_width":"","footnotes":""},"class_list":["post-26","page","type-page","status-publish","hentry"],"_links":{"self":[{"href":"https:\/\/szendvicsbarhub.hu\/en\/wp-json\/wp\/v2\/pages\/26","targetHints":{"allow":["GET"]}}],"collection":[{"href":"https:\/\/szendvicsbarhub.hu\/en\/wp-json\/wp\/v2\/pages"}],"about":[{"href":"https:\/\/szendvicsbarhub.hu\/en\/wp-json\/wp\/v2\/types\/page"}],"author":[{"embeddable":true,"href":"https:\/\/szendvicsbarhub.hu\/en\/wp-json\/wp\/v2\/users\/1"}],"replies":[{"embeddable":true,"href":"https:\/\/szendvicsbarhub.hu\/en\/wp-json\/wp\/v2\/comments?post=26"}],"version-history":[{"count":13,"href":"https:\/\/szendvicsbarhub.hu\/en\/wp-json\/wp\/v2\/pages\/26\/revisions"}],"predecessor-version":[{"id":144,"href":"https:\/\/szendvicsbarhub.hu\/en\/wp-json\/wp\/v2\/pages\/26\/revisions\/144"}],"wp:attachment":[{"href":"https:\/\/szendvicsbarhub.hu\/en\/wp-json\/wp\/v2\/media?parent=26"}],"curies":[{"name":"wp","href":"https:\/\/api.w.org\/{rel}","templated":true}]}}