{"id":30,"date":"2025-07-09T07:16:09","date_gmt":"2025-07-09T07:16:09","guid":{"rendered":"https:\/\/szendvicsbarhub.hu\/?page_id=30"},"modified":"2025-08-19T06:39:04","modified_gmt":"2025-08-19T06:39:04","slug":"tamogatas","status":"publish","type":"page","link":"https:\/\/szendvicsbarhub.hu\/en\/tamogatas\/","title":{"rendered":"T\u00e1mogat\u00e1s"},"content":{"rendered":"<p>[et_pb_section fb_built=&#8221;1&#8243; _builder_version=&#8221;4.27.4&#8243; _module_preset=&#8221;default&#8221; background_image=&#8221;https:\/\/szendvicsbarhub.hu\/wp-content\/uploads\/2025\/07\/magicpattern-mesh-gradient-1752050012711.webp&#8221; global_colors_info=&#8221;{}&#8221; theme_builder_area=&#8221;post_content&#8221;][et_pb_row _builder_version=&#8221;4.27.4&#8243; _module_preset=&#8221;default&#8221; global_colors_info=&#8221;{}&#8221; theme_builder_area=&#8221;post_content&#8221;][et_pb_column type=&#8221;4_4&#8243; _builder_version=&#8221;4.27.4&#8243; _module_preset=&#8221;default&#8221; global_colors_info=&#8221;{}&#8221; theme_builder_area=&#8221;post_content&#8221;][et_pb_heading title=&#8221;T\u00c1MOGAT\u00c1S&#8221; _builder_version=&#8221;4.27.4&#8243; _module_preset=&#8221;default&#8221; title_font=&#8221;Bebas Neue||||||||&#8221; title_text_align=&#8221;center&#8221; title_text_color=&#8221;#F9F9F4&#8243; title_font_size=&#8221;70px&#8221; title_letter_spacing=&#8221;2px&#8221; global_colors_info=&#8221;{}&#8221; theme_builder_area=&#8221;post_content&#8221;][\/et_pb_heading][et_pb_heading title=&#8221;Mert kell, hogy legyen egy k\u00f6z\u00f6s t\u00e9r!&#8221; _builder_version=&#8221;4.27.4&#8243; _module_preset=&#8221;default&#8221; title_level=&#8221;h2&#8243; title_font=&#8221;Archivo Black||||||||&#8221; title_text_align=&#8221;center&#8221; title_text_color=&#8221;#192F47&#8243; global_colors_info=&#8221;{}&#8221; theme_builder_area=&#8221;post_content&#8221;][\/et_pb_heading][\/et_pb_column][\/et_pb_row][\/et_pb_section][et_pb_section fb_built=&#8221;1&#8243; _builder_version=&#8221;4.27.4&#8243; _module_preset=&#8221;default&#8221; background_color=&#8221;#FCDBC2&#8243; custom_padding=&#8221;0px||0px||true|false&#8221; global_colors_info=&#8221;{}&#8221; theme_builder_area=&#8221;post_content&#8221;][et_pb_row _builder_version=&#8221;4.27.4&#8243; _module_preset=&#8221;default&#8221; width=&#8221;100%&#8221; max_width=&#8221;100%&#8221; custom_padding=&#8221;12px||12px||true|false&#8221; global_colors_info=&#8221;{}&#8221; theme_builder_area=&#8221;post_content&#8221;][et_pb_column type=&#8221;4_4&#8243; _builder_version=&#8221;4.27.4&#8243; _module_preset=&#8221;default&#8221; global_colors_info=&#8221;{}&#8221; theme_builder_area=&#8221;post_content&#8221;][et_pb_text _builder_version=&#8221;4.27.4&#8243; _module_preset=&#8221;default&#8221; text_font=&#8221;|800||on|||||&#8221; text_text_color=&#8221;#192F47&#8243; text_orientation=&#8221;center&#8221; width=&#8221;100%&#8221; max_width=&#8221;100%&#8221; custom_margin=&#8221;0px|0px|0px|0px|false|false&#8221; custom_padding=&#8221;0px|0px|0px|0px|false|false&#8221; global_colors_info=&#8221;{}&#8221; theme_builder_area=&#8221;post_content&#8221;]<\/p>\n<p>nemzetk\u00f6zi <span>\u00b7 multikulti \u00b7 befogad\u00f3 \u00b7 otthonos \u00b7 szabad \u00b7 sokf\u00e9le \u00b7 hozz\u00e1f\u00e9rhet\u0151 \u00b7 v\u00e1rosi \u00b7 m\u0171v\u00e9szeti \u00b7 interdiszciplin\u00e1ris \u00b7 finom<\/span><\/p>\n<p>[\/et_pb_text][\/et_pb_column][\/et_pb_row][\/et_pb_section][et_pb_section fb_built=&#8221;1&#8243; _builder_version=&#8221;4.27.4&#8243; _module_preset=&#8221;default&#8221; global_colors_info=&#8221;{}&#8221; theme_builder_area=&#8221;post_content&#8221;][et_pb_row column_structure=&#8221;1_3,2_3&#8243; _builder_version=&#8221;4.27.4&#8243; _module_preset=&#8221;default&#8221; global_colors_info=&#8221;{}&#8221; theme_builder_area=&#8221;post_content&#8221;][et_pb_column type=&#8221;1_3&#8243; _builder_version=&#8221;4.27.4&#8243; _module_preset=&#8221;default&#8221; global_colors_info=&#8221;{}&#8221; theme_builder_area=&#8221;post_content&#8221;][et_pb_image src=&#8221;https:\/\/szendvicsbarhub.hu\/wp-content\/uploads\/2025\/07\/szendvicsbar-kozossegi-ter23.png&#8221; title_text=&#8221;szendvicsbar-kozossegi-ter23&#8243; _builder_version=&#8221;4.27.4&#8243; _module_preset=&#8221;default&#8221; global_colors_info=&#8221;{}&#8221; theme_builder_area=&#8221;post_content&#8221;][\/et_pb_image][\/et_pb_column][et_pb_column type=&#8221;2_3&#8243; _builder_version=&#8221;4.27.4&#8243; _module_preset=&#8221;default&#8221; global_colors_info=&#8221;{}&#8221; theme_builder_area=&#8221;post_content&#8221;][et_pb_text _builder_version=&#8221;4.27.4&#8243; _module_preset=&#8221;default&#8221; global_colors_info=&#8221;{}&#8221; theme_builder_area=&#8221;post_content&#8221;]<\/p>\n<h2 style=\"text-align: left;\">Sz\u00e1m\u00edt a t\u00e1mogat\u00e1sod!<\/h2>\n<p>[\/et_pb_text][et_pb_text _builder_version=&#8221;4.27.4&#8243; _module_preset=&#8221;default&#8221; text_font_size=&#8221;20px&#8221; text_line_height=&#8221;1.8em&#8221; custom_padding=&#8221;||||false|false&#8221; global_colors_info=&#8221;{}&#8221; theme_builder_area=&#8221;post_content&#8221;]<\/p>\n<p data-start=\"115\" data-end=\"152\"><span class=\"relative -mx-px my-[-0.2rem] rounded px-px py-[0.2rem] transition-colors duration-100 ease-in-out\">Minden felaj\u00e1nl\u00e1s \u2013 m\u00e9g a legapr\u00f3bb is \u2013 hozz\u00e1j\u00e1rul k\u00f6z\u00f6ss\u00e9g\u00fcnk k\u00f6z\u00f6s c\u00e9ljaihoz:<\/span><\/p>\n<p>[\/et_pb_text][dsm_icon_list _builder_version=&#8221;4.27.4&#8243; _module_preset=&#8221;default&#8221; global_colors_info=&#8221;{}&#8221; theme_builder_area=&#8221;post_content&#8221;][dsm_icon_list_child text=&#8221;K\u00f6z\u00f6ss\u00e9gi esem\u00e9nyek szervez\u00e9se (pl. Szomsz\u00e9d\u00fcnnep)&#8221; font_icon=&#8221;&#xe08a;||divi||400&#8243; icon_color=&#8221;#CA6C3C&#8221; icon_background_color=&#8221;#EDD9AE&#8221; icon_padding=&#8221;4px&#8221; icon_font_size=&#8221;19px&#8221; _builder_version=&#8221;4.27.4&#8243; _module_preset=&#8221;default&#8221; text_line_height=&#8221;2.3em&#8221; custom_padding=&#8221;|||10px|false|false&#8221; border_radii_icon=&#8221;on|104px|104px|104px|104px&#8221; box_shadow_style_icon=&#8221;preset3&#8243; global_colors_info=&#8221;{}&#8221; text_line_height__hover_enabled=&#8221;on|desktop&#8221; text_line_height__hover=&#8221;2.3em&#8221; theme_builder_area=&#8221;post_content&#8221;][\/dsm_icon_list_child][dsm_icon_list_child text=&#8221;K\u00f6z\u00f6ss\u00e9gi esem\u00e9nyek szervez\u00e9se (pl. Szomsz\u00e9d\u00fcnnep)&#8221; font_icon=&#8221;&#xe08a;||divi||400&#8243; icon_color=&#8221;#CA6C3C&#8221; icon_background_color=&#8221;#EDD9AE&#8221; icon_padding=&#8221;4px&#8221; icon_font_size=&#8221;19px&#8221; _builder_version=&#8221;4.27.4&#8243; _module_preset=&#8221;default&#8221; text_line_height=&#8221;2.3em&#8221; custom_padding=&#8221;|||10px|false|false&#8221; border_radii_icon=&#8221;on|104px|104px|104px|104px&#8221; box_shadow_style_icon=&#8221;preset3&#8243; global_colors_info=&#8221;{}&#8221; text_line_height__hover_enabled=&#8221;on|desktop&#8221; text_line_height__hover=&#8221;2.3em&#8221; theme_builder_area=&#8221;post_content&#8221;][\/dsm_icon_list_child][dsm_icon_list_child text=&#8221;K\u00f6z\u00f6ss\u00e9gi esem\u00e9nyek szervez\u00e9se (pl. Szomsz\u00e9d\u00fcnnep)&#8221; font_icon=&#8221;&#xe08a;||divi||400&#8243; icon_color=&#8221;#CA6C3C&#8221; icon_background_color=&#8221;#EDD9AE&#8221; icon_padding=&#8221;4px&#8221; icon_font_size=&#8221;19px&#8221; _builder_version=&#8221;4.27.4&#8243; _module_preset=&#8221;default&#8221; text_line_height=&#8221;2.3em&#8221; custom_padding=&#8221;|||10px|false|false&#8221; border_radii_icon=&#8221;on|104px|104px|104px|104px&#8221; box_shadow_style_icon=&#8221;preset3&#8243; global_colors_info=&#8221;{}&#8221; text_line_height__hover_enabled=&#8221;on|desktop&#8221; text_line_height__hover=&#8221;2.3em&#8221; theme_builder_area=&#8221;post_content&#8221;][\/dsm_icon_list_child][dsm_icon_list_child text=&#8221;K\u00f6z\u00f6ss\u00e9gi esem\u00e9nyek szervez\u00e9se (pl. Szomsz\u00e9d\u00fcnnep)&#8221; font_icon=&#8221;&#xe08a;||divi||400&#8243; icon_color=&#8221;#CA6C3C&#8221; icon_background_color=&#8221;#EDD9AE&#8221; icon_padding=&#8221;4px&#8221; icon_font_size=&#8221;19px&#8221; _builder_version=&#8221;4.27.4&#8243; _module_preset=&#8221;default&#8221; text_line_height=&#8221;2.3em&#8221; custom_padding=&#8221;|||10px|false|false&#8221; border_radii_icon=&#8221;on|104px|104px|104px|104px&#8221; box_shadow_style_icon=&#8221;preset3&#8243; global_colors_info=&#8221;{}&#8221; text_line_height__hover_enabled=&#8221;on|desktop&#8221; text_line_height__hover=&#8221;2.3em&#8221; theme_builder_area=&#8221;post_content&#8221;][\/dsm_icon_list_child][\/dsm_icon_list][et_pb_button button_url=&#8221;https:\/\/whydonate.com\/fundraising\/a-mi-csikagonk-szomszedunnep-our-csikago-neighbourhood-festival?fbclid=IwY2xjawMQ9P1leHRuA2FlbQIxMABicmlkETFSbk90bkZBczd5M2Rpc2tRAR4NEOz0e55CSzLGaHsvVr7RN-bEVtuWaZN-8pdlL-fmQL90_jFUYtQ-DPFvfA_aem_NgalGT1KsaP_SQL_sXhhlw&#8221; url_new_window=&#8221;on&#8221; button_text=&#8221;T\u00c1MOGAT\u00d3 LESZEK&#8221; button_alignment=&#8221;left&#8221; _builder_version=&#8221;4.27.4&#8243; _module_preset=&#8221;default&#8221; custom_button=&#8221;on&#8221; button_text_color=&#8221;#F9F9F4&#8243; button_bg_use_color_gradient=&#8221;on&#8221; button_bg_color_gradient_type=&#8221;circular&#8221; button_bg_color_gradient_direction_radial=&#8221;bottom&#8221; button_bg_color_gradient_stops=&#8221;#edd9ae 0%|rgba(202,108,60,0.9) 61%|rgba(97,119,164,0.61) 99%&#8221; button_bg_image=&#8221;https:\/\/szendvicsbarhub.hu\/wp-content\/uploads\/2025\/07\/magicpattern-mesh-gradient-1752050012711-e1752050612765.webp&#8221; button_border_width=&#8221;0px&#8221; button_border_color=&#8221;#CA6C3C&#8221; button_border_radius=&#8221;16px&#8221; button_font=&#8221;Archivo Black||||||||&#8221; box_shadow_style=&#8221;preset6&#8243; global_colors_info=&#8221;{}&#8221; theme_builder_area=&#8221;post_content&#8221;][\/et_pb_button][\/et_pb_column][\/et_pb_row][\/et_pb_section]<\/p>","protected":false},"excerpt":{"rendered":"<p>nemzetk\u00f6zi \u00b7 multikulti \u00b7 befogad\u00f3 \u00b7 otthonos \u00b7 szabad \u00b7 sokf\u00e9le \u00b7 hozz\u00e1f\u00e9rhet\u0151 \u00b7 v\u00e1rosi \u00b7 m\u0171v\u00e9szeti \u00b7 interdiszciplin\u00e1ris \u00b7 finomSz\u00e1m\u00edt a t\u00e1mogat\u00e1sod!Minden felaj\u00e1nl\u00e1s \u2013 m\u00e9g a legapr\u00f3bb is \u2013 hozz\u00e1j\u00e1rul k\u00f6z\u00f6ss\u00e9g\u00fcnk k\u00f6z\u00f6s c\u00e9ljaihoz:<div class=\"et_pb_module dsm_icon_list dsm_icon_list_0\">\n\t\t\t\t\n\t\t\t\t\n\t\t\t\t\n\t\t\t\t\n\t\t\t\t\n\t\t\t\t\n\t\t\t\t<div class=\"et_pb_module_inner\">\n\t\t\t\t\t<ul class=\"dsm_icon_list_items dsm_icon_list_ltr_direction dsm_icon_list_layout_vertical\"><li class=\"dsm_icon_list_child dsm_icon_list_child_0\">\n\t\t\t\t\n\t\t\t\t\n\t\t\t\t\n\t\t\t\t\n\t\t\t\t<span class=\"dsm_icon_list_wrapper\"><span class=\"dsm_icon_list_icon\">\ue08a<\/span><\/span><span class=\"dsm_icon_list_text\">K\u00f6z\u00f6ss\u00e9gi esem\u00e9nyek szervez\u00e9se (pl. Szomsz\u00e9d\u00fcnnep)<\/span>\n\t\t\t<\/li><li class=\"dsm_icon_list_child dsm_icon_list_child_1\">\n\t\t\t\t\n\t\t\t\t\n\t\t\t\t\n\t\t\t\t\n\t\t\t\t<span class=\"dsm_icon_list_wrapper\"><span class=\"dsm_icon_list_icon\">\ue08a<\/span><\/span><span class=\"dsm_icon_list_text\">K\u00f6z\u00f6ss\u00e9gi esem\u00e9nyek szervez\u00e9se (pl. Szomsz\u00e9d\u00fcnnep)<\/span>\n\t\t\t<\/li><li class=\"dsm_icon_list_child dsm_icon_list_child_2\">\n\t\t\t\t\n\t\t\t\t\n\t\t\t\t\n\t\t\t\t\n\t\t\t\t<span class=\"dsm_icon_list_wrapper\"><span class=\"dsm_icon_list_icon\">\ue08a<\/span><\/span><span class=\"dsm_icon_list_text\">K\u00f6z\u00f6ss\u00e9gi esem\u00e9nyek szervez\u00e9se (pl. Szomsz\u00e9d\u00fcnnep)<\/span>\n\t\t\t<\/li><li class=\"dsm_icon_list_child dsm_icon_list_child_3\">\n\t\t\t\t\n\t\t\t\t\n\t\t\t\t\n\t\t\t\t\n\t\t\t\t<span class=\"dsm_icon_list_wrapper\"><span class=\"dsm_icon_list_icon\">\ue08a<\/span><\/span><span class=\"dsm_icon_list_text\">K\u00f6z\u00f6ss\u00e9gi esem\u00e9nyek szervez\u00e9se (pl. Szomsz\u00e9d\u00fcnnep)<\/span>\n\t\t\t<\/li><\/ul>\n\t\t\t\t<\/div>\n\t\t\t<\/div><\/p>","protected":false},"author":1,"featured_media":0,"parent":0,"menu_order":0,"comment_status":"closed","ping_status":"closed","template":"","meta":{"_et_pb_use_builder":"on","_et_pb_old_content":"<!-- wp:divi\/placeholder \/-->","_et_gb_content_width":"","footnotes":""},"class_list":["post-30","page","type-page","status-publish","hentry"],"_links":{"self":[{"href":"https:\/\/szendvicsbarhub.hu\/en\/wp-json\/wp\/v2\/pages\/30","targetHints":{"allow":["GET"]}}],"collection":[{"href":"https:\/\/szendvicsbarhub.hu\/en\/wp-json\/wp\/v2\/pages"}],"about":[{"href":"https:\/\/szendvicsbarhub.hu\/en\/wp-json\/wp\/v2\/types\/page"}],"author":[{"embeddable":true,"href":"https:\/\/szendvicsbarhub.hu\/en\/wp-json\/wp\/v2\/users\/1"}],"replies":[{"embeddable":true,"href":"https:\/\/szendvicsbarhub.hu\/en\/wp-json\/wp\/v2\/comments?post=30"}],"version-history":[{"count":3,"href":"https:\/\/szendvicsbarhub.hu\/en\/wp-json\/wp\/v2\/pages\/30\/revisions"}],"predecessor-version":[{"id":154,"href":"https:\/\/szendvicsbarhub.hu\/en\/wp-json\/wp\/v2\/pages\/30\/revisions\/154"}],"wp:attachment":[{"href":"https:\/\/szendvicsbarhub.hu\/en\/wp-json\/wp\/v2\/media?parent=30"}],"curies":[{"name":"wp","href":"https:\/\/api.w.org\/{rel}","templated":true}]}}