{"id":42,"date":"2025-07-09T07:21:35","date_gmt":"2025-07-09T07:21:35","guid":{"rendered":"https:\/\/szendvicsbarhub.hu\/?page_id=42"},"modified":"2025-08-19T06:28:59","modified_gmt":"2025-08-19T06:28:59","slug":"rolunk","status":"publish","type":"page","link":"https:\/\/szendvicsbarhub.hu\/en\/rolunk\/","title":{"rendered":"R\u00f3lunk"},"content":{"rendered":"<p>[et_pb_section fb_built=&#8221;1&#8243; _builder_version=&#8221;4.27.4&#8243; _module_preset=&#8221;default&#8221; background_image=&#8221;https:\/\/szendvicsbarhub.hu\/wp-content\/uploads\/2025\/07\/magicpattern-mesh-gradient-1752050012711.webp&#8221; global_colors_info=&#8221;{}&#8221;][et_pb_row _builder_version=&#8221;4.27.4&#8243; _module_preset=&#8221;default&#8221; global_colors_info=&#8221;{}&#8221;][et_pb_column type=&#8221;4_4&#8243; _builder_version=&#8221;4.27.4&#8243; _module_preset=&#8221;default&#8221; global_colors_info=&#8221;{}&#8221;][et_pb_heading title=&#8221;R\u00d3LUNK&#8221; _builder_version=&#8221;4.27.4&#8243; _module_preset=&#8221;default&#8221; title_font=&#8221;Bebas Neue||||||||&#8221; title_text_align=&#8221;center&#8221; title_text_color=&#8221;#F9F9F4&#8243; title_font_size=&#8221;70px&#8221; title_letter_spacing=&#8221;2px&#8221; global_colors_info=&#8221;{}&#8221;][\/et_pb_heading][\/et_pb_column][\/et_pb_row][\/et_pb_section][et_pb_section fb_built=&#8221;1&#8243; _builder_version=&#8221;4.27.4&#8243; _module_preset=&#8221;default&#8221; background_color=&#8221;#FCDBC2&#8243; custom_padding=&#8221;0px||0px||true|false&#8221; global_colors_info=&#8221;{}&#8221; theme_builder_area=&#8221;post_content&#8221;][et_pb_row _builder_version=&#8221;4.27.4&#8243; _module_preset=&#8221;default&#8221; width=&#8221;100%&#8221; max_width=&#8221;100%&#8221; custom_padding=&#8221;12px||12px||true|false&#8221; global_colors_info=&#8221;{}&#8221; theme_builder_area=&#8221;post_content&#8221;][et_pb_column type=&#8221;4_4&#8243; _builder_version=&#8221;4.27.4&#8243; _module_preset=&#8221;default&#8221; global_colors_info=&#8221;{}&#8221; theme_builder_area=&#8221;post_content&#8221;][et_pb_text _builder_version=&#8221;4.27.4&#8243; _module_preset=&#8221;default&#8221; text_font=&#8221;|800||on|||||&#8221; text_text_color=&#8221;#192F47&#8243; text_orientation=&#8221;center&#8221; width=&#8221;100%&#8221; max_width=&#8221;100%&#8221; custom_margin=&#8221;0px|0px|0px|0px|false|false&#8221; custom_padding=&#8221;0px|0px|0px|0px|false|false&#8221; global_colors_info=&#8221;{}&#8221; theme_builder_area=&#8221;post_content&#8221;]<\/p>\n<p>nemzetk\u00f6zi <span>\u00b7 multikulti \u00b7 befogad\u00f3 \u00b7 otthonos \u00b7 szabad \u00b7 sokf\u00e9le \u00b7 hozz\u00e1f\u00e9rhet\u0151 \u00b7 v\u00e1rosi \u00b7 m\u0171v\u00e9szeti \u00b7 interdiszciplin\u00e1ris \u00b7 finom<\/span><\/p>\n<p>[\/et_pb_text][\/et_pb_column][\/et_pb_row][\/et_pb_section][et_pb_section fb_built=&#8221;1&#8243; _builder_version=&#8221;4.27.4&#8243; _module_preset=&#8221;default&#8221; hover_enabled=&#8221;0&#8243; global_colors_info=&#8221;{}&#8221; theme_builder_area=&#8221;post_content&#8221; title_text=&#8221;szendvicsbar-kozossegi-ter24&#8243; background_size=&#8221;custom&#8221; background_position=&#8221;top_left&#8221; background_horizontal_offset=&#8221;-28%&#8221; background_vertical_offset=&#8221;-98%&#8221; background_repeat=&#8221;repeat-y&#8221; sticky_enabled=&#8221;0&#8243; background_enable_image=&#8221;off&#8221;][et_pb_row _builder_version=&#8221;4.27.4&#8243; _module_preset=&#8221;default&#8221; hover_enabled=&#8221;0&#8243; global_colors_info=&#8221;{}&#8221; theme_builder_area=&#8221;post_content&#8221; sticky_enabled=&#8221;0&#8243;][et_pb_column type=&#8221;4_4&#8243; _builder_version=&#8221;4.27.4&#8243; _module_preset=&#8221;default&#8221; global_colors_info=&#8221;{}&#8221; theme_builder_area=&#8221;post_content&#8221;][et_pb_text _builder_version=&#8221;4.27.4&#8243; _module_preset=&#8221;default&#8221; hover_enabled=&#8221;0&#8243; global_colors_info=&#8221;{}&#8221; theme_builder_area=&#8221;post_content&#8221; sticky_enabled=&#8221;0&#8243;]<\/p>\n<h2 style=\"text-align: left;\">A szendvicsb\u00e1r k\u00f6z\u00f6ss\u00e9gi t\u00e9rr\u0151l<\/h2>\n<p>[\/et_pb_text][et_pb_text _builder_version=&#8221;4.27.4&#8243; _module_preset=&#8221;default&#8221; text_font_size=&#8221;20px&#8221; text_line_height=&#8221;1.8em&#8221; custom_padding=&#8221;||||false|false&#8221; hover_enabled=&#8221;0&#8243; global_colors_info=&#8221;{}&#8221; theme_builder_area=&#8221;post_content&#8221; sticky_enabled=&#8221;0&#8243;]<\/p>\n<p data-start=\"199\" data-end=\"732\">A <strong data-start=\"201\" data-end=\"231\">Szendvicsb\u00e1r K\u00f6z\u00f6ss\u00e9gi T\u00e9r<\/strong> 2022 augusztus\u00e1ban nyitotta meg kapuit Budapesten, Erzs\u00e9betv\u00e1rosban, az Istv\u00e1n utca 27-es sz\u00e1m alatt, egy t\u00edz \u00e9ve \u00fcresen \u00e1ll\u00f3 \u00fczlethelyis\u00e9gben. A kezdem\u00e9nyez\u00e9sben az alkot\u00f3i sz\u00ednt\u00e9ren akt\u00edv Placcc Fesztiv\u00e1l, a Ziggurat Project \u00e9s a SVUNG Kutat\u00f3csoport, valamint f\u00fcggetlen alkot\u00f3k, Fuchs M\u00e1t\u00e9 \u00e9s T\u00f3th B\u00e1lint (Meetlab) vettek r\u00e9szt. A megnyit\u00f3 esem\u00e9ny alkot\u00f3i programokat k\u00edn\u00e1lt ukrajnai menek\u00fclt fiataloknak, valamint performat\u00edv k\u00f6z\u00f6ss\u00e9gi brunch-t is szerveztek.\u00a0<span class=\"\" data-state=\"closed\"><span class=\"ms-1 inline-flex max-w-full items-center relative top-[-0.094rem] animate-[show_150ms_ease-in]\" data-testid=\"webpage-citation-pill\"><\/span><\/span><\/p>\n<p data-start=\"734\" data-end=\"1033\">A Szendvicsb\u00e1r val\u00f3di &#8222;tal\u00e1lt hely&#8221;: egy haszn\u00e1lt, de fel\u00faj\u00edtott t\u00e9r, amely m\u00e1ra a helyi k\u00f6z\u00f6ss\u00e9g \u00e9s a m\u0171v\u00e9szeti szc\u00e9na kreat\u00edv tal\u00e1lkoz\u00f3hely\u00e9v\u00e9 v\u00e1lt. Az\u00f3ta mintegy m\u00e1sf\u00e9l \u00e9ve folyamatosan m\u0171k\u00f6dik, ahol m\u0171v\u00e9szeti programokat, k\u00f6z\u00f6ss\u00e9g\u00e9p\u00edt\u0151 esem\u00e9nyeket k\u00edn\u00e1lnak.\u00a0<span class=\"\" data-state=\"closed\"><span class=\"ms-1 inline-flex max-w-full items-center relative top-[-0.094rem] animate-[show_150ms_ease-in]\" data-testid=\"webpage-citation-pill\"><\/span><\/span><\/p>\n<p data-start=\"1035\" data-end=\"1321\">A hely f\u00f3kusz\u00e1ban t\u00e1rsadalmilag elk\u00f6telezett, fenntarthat\u00f3 \u00e9s inkluz\u00edv m\u0171v\u00e9szeti esem\u00e9nyek szervez\u00e9se \u00e1ll. Tev\u00e9kenys\u00e9g\u00fck f\u0151 pill\u00e9reit alkotj\u00e1k az ide befogadott civil kezdem\u00e9nyez\u00e9sek programjai, valamint a t\u00e9r m\u0171k\u00f6dtet\u0151 alkot\u00f3inak saj\u00e1t projektjei.\u00a0<span class=\"\" data-state=\"closed\"><span class=\"ms-1 inline-flex max-w-full items-center relative top-[-0.094rem] animate-[show_150ms_ease-in]\" data-testid=\"webpage-citation-pill\"><\/span><\/span><\/p>\n<p data-start=\"1323\" data-end=\"1576\">A hely egy kor\u00e1bbi k\u00e1v\u00e9z\u00f3 vagy fagyiz\u00f3 hely\u00e9n alakult k\u00f6z\u00f6ss\u00e9gi t\u00e9rr\u00e9 \u2013 kamp\u00e1nyp\u00e9nz felhaszn\u00e1l\u00e1s\u00e1val, \u00e9s az\u00f3ta is rendszeres helysz\u00ednt biztos\u00edt workshopoknak, koncerteknek, besz\u00e9lget\u00e9seknek \u00e9s egy\u00e9b rendezv\u00e9nyeknek.\u00a0<span class=\"\" data-state=\"closed\"><span class=\"ms-1 inline-flex max-w-full items-center relative top-[-0.094rem] animate-[show_150ms_ease-in]\" data-testid=\"webpage-citation-pill\"><\/span><\/span><\/p>\n<p data-start=\"1578\" data-end=\"1953\">Ezen t\u00falmen\u0151en a Szendvicsb\u00e1r akt\u00edv szerepet v\u00e1llal humanit\u00e1rius \u00e9s k\u00f6z\u00f6ss\u00e9gi seg\u00edts\u00e9gny\u00fajt\u00e1sban is \u2014 k\u00fcl\u00f6n\u00f6sen az ukrajnai h\u00e1bor\u00fa kezdet\u00e9t k\u00f6vet\u0151en. A kezdetben ind\u00edtott gyerekprogramok \u00e9s humanit\u00e1rius t\u00e1mogat\u00e1s mellett folyamatosan szerveznek k\u00f6z\u00f6ss\u00e9gi esem\u00e9nyeket, amelyek a menek\u00fcltek \u00e9s a helyi lakosok bevon\u00e1s\u00e1ra egyar\u00e1nt \u00e9p\u00edtenek.<\/p>\n<p>[\/et_pb_text][\/et_pb_column][\/et_pb_row][\/et_pb_section]<\/p>","protected":false},"excerpt":{"rendered":"<p>nemzetk\u00f6zi \u00b7 multikulti \u00b7 befogad\u00f3 \u00b7 otthonos \u00b7 szabad \u00b7 sokf\u00e9le \u00b7 hozz\u00e1f\u00e9rhet\u0151 \u00b7 v\u00e1rosi \u00b7 m\u0171v\u00e9szeti \u00b7 interdiszciplin\u00e1ris \u00b7 finomA szendvicsb\u00e1r k\u00f6z\u00f6ss\u00e9gi t\u00e9rr\u0151lA Szendvicsb\u00e1r K\u00f6z\u00f6ss\u00e9gi T\u00e9r 2022 augusztus\u00e1ban nyitotta meg kapuit Budapesten, Erzs\u00e9betv\u00e1rosban, az Istv\u00e1n utca 27-es sz\u00e1m alatt, egy t\u00edz \u00e9ve \u00fcresen \u00e1ll\u00f3 \u00fczlethelyis\u00e9gben. A kezdem\u00e9nyez\u00e9sben az alkot\u00f3i sz\u00ednt\u00e9ren akt\u00edv Placcc Fesztiv\u00e1l, a Ziggurat Project \u00e9s a SVUNG Kutat\u00f3csoport, valamint f\u00fcggetlen alkot\u00f3k, Fuchs M\u00e1t\u00e9 \u00e9s T\u00f3th B\u00e1lint (Meetlab) vettek r\u00e9szt. A megnyit\u00f3 esem\u00e9ny alkot\u00f3i programokat k\u00edn\u00e1lt ukrajnai menek\u00fclt fiataloknak, valamint performat\u00edv k\u00f6z\u00f6ss\u00e9gi brunch-t is szerveztek.\u00a0 A Szendvicsb\u00e1r val\u00f3di &#8222;tal\u00e1lt hely&#8221;: egy haszn\u00e1lt, de fel\u00faj\u00edtott t\u00e9r, amely m\u00e1ra a helyi k\u00f6z\u00f6ss\u00e9g \u00e9s a m\u0171v\u00e9szeti szc\u00e9na kreat\u00edv tal\u00e1lkoz\u00f3hely\u00e9v\u00e9 v\u00e1lt. Az\u00f3ta mintegy m\u00e1sf\u00e9l \u00e9ve folyamatosan m\u0171k\u00f6dik, ahol m\u0171v\u00e9szeti programokat, k\u00f6z\u00f6ss\u00e9g\u00e9p\u00edt\u0151 esem\u00e9nyeket k\u00edn\u00e1lnak.\u00a0 A hely f\u00f3kusz\u00e1ban t\u00e1rsadalmilag elk\u00f6telezett, fenntarthat\u00f3 \u00e9s inkluz\u00edv m\u0171v\u00e9szeti esem\u00e9nyek szervez\u00e9se \u00e1ll. Tev\u00e9kenys\u00e9g\u00fck f\u0151 pill\u00e9reit alkotj\u00e1k az ide befogadott civil kezdem\u00e9nyez\u00e9sek programjai, valamint a t\u00e9r m\u0171k\u00f6dtet\u0151 alkot\u00f3inak saj\u00e1t projektjei.\u00a0 A hely egy kor\u00e1bbi k\u00e1v\u00e9z\u00f3 vagy fagyiz\u00f3 hely\u00e9n alakult k\u00f6z\u00f6ss\u00e9gi t\u00e9rr\u00e9 \u2013 kamp\u00e1nyp\u00e9nz felhaszn\u00e1l\u00e1s\u00e1val, \u00e9s az\u00f3ta is rendszeres helysz\u00ednt biztos\u00edt workshopoknak, koncerteknek, besz\u00e9lget\u00e9seknek \u00e9s egy\u00e9b rendezv\u00e9nyeknek.\u00a0 Ezen t\u00falmen\u0151en a Szendvicsb\u00e1r akt\u00edv szerepet v\u00e1llal humanit\u00e1rius \u00e9s k\u00f6z\u00f6ss\u00e9gi seg\u00edts\u00e9gny\u00fajt\u00e1sban is \u2014 k\u00fcl\u00f6n\u00f6sen az ukrajnai h\u00e1bor\u00fa kezdet\u00e9t k\u00f6vet\u0151en. A kezdetben ind\u00edtott gyerekprogramok \u00e9s [&hellip;]<\/p>","protected":false},"author":1,"featured_media":0,"parent":0,"menu_order":0,"comment_status":"closed","ping_status":"closed","template":"","meta":{"_et_pb_use_builder":"on","_et_pb_old_content":"<!-- wp:divi\/placeholder \/-->","_et_gb_content_width":"","footnotes":""},"class_list":["post-42","page","type-page","status-publish","hentry"],"_links":{"self":[{"href":"https:\/\/szendvicsbarhub.hu\/en\/wp-json\/wp\/v2\/pages\/42","targetHints":{"allow":["GET"]}}],"collection":[{"href":"https:\/\/szendvicsbarhub.hu\/en\/wp-json\/wp\/v2\/pages"}],"about":[{"href":"https:\/\/szendvicsbarhub.hu\/en\/wp-json\/wp\/v2\/types\/page"}],"author":[{"embeddable":true,"href":"https:\/\/szendvicsbarhub.hu\/en\/wp-json\/wp\/v2\/users\/1"}],"replies":[{"embeddable":true,"href":"https:\/\/szendvicsbarhub.hu\/en\/wp-json\/wp\/v2\/comments?post=42"}],"version-history":[{"count":4,"href":"https:\/\/szendvicsbarhub.hu\/en\/wp-json\/wp\/v2\/pages\/42\/revisions"}],"predecessor-version":[{"id":146,"href":"https:\/\/szendvicsbarhub.hu\/en\/wp-json\/wp\/v2\/pages\/42\/revisions\/146"}],"wp:attachment":[{"href":"https:\/\/szendvicsbarhub.hu\/en\/wp-json\/wp\/v2\/media?parent=42"}],"curies":[{"name":"wp","href":"https:\/\/api.w.org\/{rel}","templated":true}]}}