{"id":54,"date":"2025-07-09T07:25:18","date_gmt":"2025-07-09T07:25:18","guid":{"rendered":"https:\/\/szendvicsbarhub.hu\/?page_id=54"},"modified":"2025-08-19T06:37:41","modified_gmt":"2025-08-19T06:37:41","slug":"a-terrol","status":"publish","type":"page","link":"https:\/\/szendvicsbarhub.hu\/en\/helyhasznalat\/a-terrol\/","title":{"rendered":"A t\u00e9rr\u0151l"},"content":{"rendered":"<p>[et_pb_section fb_built=&#8221;1&#8243; _builder_version=&#8221;4.27.4&#8243; _module_preset=&#8221;default&#8221; background_image=&#8221;https:\/\/szendvicsbarhub.hu\/wp-content\/uploads\/2025\/07\/magicpattern-mesh-gradient-1752050012711.webp&#8221; global_colors_info=&#8221;{}&#8221; theme_builder_area=&#8221;post_content&#8221;][et_pb_row _builder_version=&#8221;4.27.4&#8243; _module_preset=&#8221;default&#8221; global_colors_info=&#8221;{}&#8221; theme_builder_area=&#8221;post_content&#8221;][et_pb_column type=&#8221;4_4&#8243; _builder_version=&#8221;4.27.4&#8243; _module_preset=&#8221;default&#8221; global_colors_info=&#8221;{}&#8221; theme_builder_area=&#8221;post_content&#8221;][et_pb_heading title=&#8221;A T\u00c9RR\u0150L&#8221; _builder_version=&#8221;4.27.4&#8243; _module_preset=&#8221;default&#8221; title_font=&#8221;Bebas Neue||||||||&#8221; title_text_align=&#8221;center&#8221; title_text_color=&#8221;#F9F9F4&#8243; title_font_size=&#8221;70px&#8221; title_letter_spacing=&#8221;2px&#8221; global_colors_info=&#8221;{}&#8221; theme_builder_area=&#8221;post_content&#8221;][\/et_pb_heading][\/et_pb_column][\/et_pb_row][\/et_pb_section][et_pb_section fb_built=&#8221;1&#8243; _builder_version=&#8221;4.27.4&#8243; _module_preset=&#8221;default&#8221; background_color=&#8221;#FCDBC2&#8243; custom_padding=&#8221;0px||0px||true|false&#8221; global_colors_info=&#8221;{}&#8221; theme_builder_area=&#8221;post_content&#8221;][et_pb_row _builder_version=&#8221;4.27.4&#8243; _module_preset=&#8221;default&#8221; width=&#8221;100%&#8221; max_width=&#8221;100%&#8221; custom_padding=&#8221;12px||12px||true|false&#8221; global_colors_info=&#8221;{}&#8221; theme_builder_area=&#8221;post_content&#8221;][et_pb_column type=&#8221;4_4&#8243; _builder_version=&#8221;4.27.4&#8243; _module_preset=&#8221;default&#8221; global_colors_info=&#8221;{}&#8221; theme_builder_area=&#8221;post_content&#8221;][et_pb_text _builder_version=&#8221;4.27.4&#8243; _module_preset=&#8221;default&#8221; text_font=&#8221;|800||on|||||&#8221; text_text_color=&#8221;#192F47&#8243; text_orientation=&#8221;center&#8221; width=&#8221;100%&#8221; max_width=&#8221;100%&#8221; custom_margin=&#8221;0px|0px|0px|0px|false|false&#8221; custom_padding=&#8221;0px|0px|0px|0px|false|false&#8221; global_colors_info=&#8221;{}&#8221; theme_builder_area=&#8221;post_content&#8221;]<\/p>\n<p>nemzetk\u00f6zi <span>\u00b7 multikulti \u00b7 befogad\u00f3 \u00b7 otthonos \u00b7 szabad \u00b7 sokf\u00e9le \u00b7 hozz\u00e1f\u00e9rhet\u0151 \u00b7 v\u00e1rosi \u00b7 m\u0171v\u00e9szeti \u00b7 interdiszciplin\u00e1ris \u00b7 finom<\/span><\/p>\n<p>[\/et_pb_text][\/et_pb_column][\/et_pb_row][\/et_pb_section][et_pb_section fb_built=&#8221;1&#8243; _builder_version=&#8221;4.27.4&#8243; _module_preset=&#8221;default&#8221; global_colors_info=&#8221;{}&#8221; theme_builder_area=&#8221;post_content&#8221;][et_pb_row column_structure=&#8221;1_3,2_3&#8243; _builder_version=&#8221;4.27.4&#8243; _module_preset=&#8221;default&#8221; global_colors_info=&#8221;{}&#8221; theme_builder_area=&#8221;post_content&#8221;][et_pb_column type=&#8221;1_3&#8243; _builder_version=&#8221;4.27.4&#8243; _module_preset=&#8221;default&#8221; global_colors_info=&#8221;{}&#8221; theme_builder_area=&#8221;post_content&#8221;][et_pb_image src=&#8221;https:\/\/szendvicsbarhub.hu\/wp-content\/uploads\/2025\/07\/szendvicsbar-kozossegi-ter23.png&#8221; title_text=&#8221;szendvicsbar-kozossegi-ter23&#8243; _builder_version=&#8221;4.27.4&#8243; _module_preset=&#8221;default&#8221; global_colors_info=&#8221;{}&#8221; theme_builder_area=&#8221;post_content&#8221;][\/et_pb_image][\/et_pb_column][et_pb_column type=&#8221;2_3&#8243; _builder_version=&#8221;4.27.4&#8243; _module_preset=&#8221;default&#8221; global_colors_info=&#8221;{}&#8221; theme_builder_area=&#8221;post_content&#8221;][et_pb_text _builder_version=&#8221;4.27.4&#8243; _module_preset=&#8221;default&#8221; hover_enabled=&#8221;0&#8243; global_colors_info=&#8221;{}&#8221; theme_builder_area=&#8221;post_content&#8221; sticky_enabled=&#8221;0&#8243;]<\/p>\n<h2 style=\"text-align: left;\">A Hely szellemis\u00e9g\u00e9r\u0151l<\/h2>\n<p>[\/et_pb_text][et_pb_text _builder_version=&#8221;4.27.4&#8243; _module_preset=&#8221;default&#8221; text_font_size=&#8221;20px&#8221; text_line_height=&#8221;1.8em&#8221; custom_padding=&#8221;||||false|false&#8221; hover_enabled=&#8221;0&#8243; global_colors_info=&#8221;{}&#8221; theme_builder_area=&#8221;post_content&#8221; sticky_enabled=&#8221;0&#8243;]<\/p>\n<div class=\"x14z9mp xat24cr x1lziwak x1vvkbs xtlvy1s x126k92a\">\n<div dir=\"auto\">\n<p>A Keletihez k\u00f6zel (Istv\u00e1n u. 27) m\u0171v\u00e9szek \u00e9s sz\u00ednh\u00e1zi alkot\u00f3k \u00f6sszefog\u00e1s\u00e1val egy \u00e9vtizedig \u00fcresen \u00e1ll\u00f3 \u00fczletet gondolunk \u00fajra. 2022 \u00f3ta vezetj\u00fck \u00f6nk\u00e9ntesen a teret \u00e9s szervez\u00fcnk k\u00f6z\u00f6ss\u00e9gi programokat, amivel c\u00e9lunk, hogy a szomsz\u00e9ds\u00e1got szolg\u00e1lja, \u00e9s egyfajta &#8216;sz\u00fcks\u00e9g szob\u00e1jak\u00e9nt&#8217; helyet kaphasson itt minden program, ami sz\u00fcks\u00e9ges vagy m\u00e1shol nem tal\u00e1l tet\u0151t.<\/p>\n<p>F\u00f3kuszunkban a k\u00fcl\u00f6nb\u00f6z\u00f6 s\u00e9r\u00fcl\u00e9keny vagy marginaliz\u00e1lt csoportok t\u00e1mogat\u00e1sa, radik\u00e1lis szolidarit\u00e1s, interkultur\u00e1lis kapcsol\u00f3d\u00e1s, bev\u00e1ndorl\u00f3k \u00e9s expatok sz\u00e1m\u00e1ra idegennyelven el\u00e9rhet\u0151 esem\u00e9nyek, t\u00e1rsadalmilag elk\u00f6telezett kezdem\u00e9nyez\u00e9sek, sz\u00f3val mindenf\u00e9le klassz javaslat, ami a k\u00f6z\u00f6ss\u00e9get \u00e9s az emberi meg k\u00f6rnyezeti fenntarthat\u00f3s\u00e1got t\u00e1mogatja.<\/p>\n<p>Van kreat\u00edv \u00edr\u00f3k\u00f6r, angolnyelv\u0171 dr\u00e1maklub, ki\u00e1ll\u00edt\u00e1sok, szolidarit\u00e1si csoport, h\u00e1bor\u00fas z\u00f3n\u00e1ban \u00e9l\u0151ket t\u00e1mogat\u00f3 szolidarit\u00e1si filmvet\u00edt\u00e9sek, visible mending workshop, k\u00f6z\u00f6ss\u00e9gi vacsor\u00e1k queereknek \u00e9s n\u0151knek, t\u00e1borok, sz\u00ednh\u00e1zi \u00e9s performat\u00edv esem\u00e9nyek, b\u00e1bel\u0151ad\u00e1s, ruhacsere, f\u0151z\u0151kurzus, id\u0151seknek er\u0151s\u00edt\u0151 \u00e9s testtudatos mozg\u00e1s\u00f3r\u00e1k, stb stb \u00e9s m\u00e9g ezer terv amiket lassan felg\u00f6ngy\u00f6lget\u00fcnk.<\/p>\n<p>&nbsp;<\/p>\n<p>&nbsp;<\/p>\n<\/div>\n<\/div>\n<p>[\/et_pb_text][\/et_pb_column][\/et_pb_row][\/et_pb_section][et_pb_section fb_built=&#8221;1&#8243; _builder_version=&#8221;4.27.4&#8243; _module_preset=&#8221;default&#8221; background_enable_color=&#8221;off&#8221; background_image=&#8221;https:\/\/szendvicsbarhub.hu\/wp-content\/uploads\/2025\/07\/szendvicsbar-teremberles-fade.webp&#8221; global_colors_info=&#8221;{}&#8221; theme_builder_area=&#8221;post_content&#8221;][et_pb_row _builder_version=&#8221;4.27.4&#8243; _module_preset=&#8221;default&#8221; background_color=&#8221;#F9F9F4&#8243; background_enable_image=&#8221;off&#8221; background_size=&#8221;custom&#8221; background_image_width=&#8221;21%&#8221; background_position=&#8221;top_right&#8221; custom_padding=&#8221;60px|30px|60px|30px|false|false&#8221; global_colors_info=&#8221;{}&#8221; theme_builder_area=&#8221;post_content&#8221;][et_pb_column type=&#8221;4_4&#8243; _builder_version=&#8221;4.27.4&#8243; _module_preset=&#8221;default&#8221; global_colors_info=&#8221;{}&#8221; theme_builder_area=&#8221;post_content&#8221;][et_pb_text _builder_version=&#8221;4.27.4&#8243; _module_preset=&#8221;default&#8221; hover_enabled=&#8221;0&#8243; global_colors_info=&#8221;{}&#8221; theme_builder_area=&#8221;post_content&#8221; sticky_enabled=&#8221;0&#8243;]<\/p>\n<h2 style=\"text-align: center;\">MIT V\u00c1RUNK?<\/h2>\n<div dir=\"auto\">Ha van egy j\u00f3 \u00f6tleted, aminek csak hely kell \u00e9s \u00fagy \u00e9rzed, egy hasonl\u00f3 hangulat\u00fa placcon j\u00f3 helye lenne, keress minket b\u00e1tran!<\/div>\n<div dir=\"auto\">\n<p>Els\u0151sorban olyan rendszeres csoportokat v\u00e1runk,akik h\u00e9tf\u0151nk\u00e9nt\/keddenk\u00e9nt\/szerda d\u00e9lut\u00e1nonk\u00e9nt j\u00f6nn\u00e9nek hozz\u00e1nk. De alkalmi \u00f6tletek, vagy m\u00e1s ig\u00e9ny is sz\u00f3baj\u00f6het, am\u00edg van szabad id\u0151pontunk, min\u00e9l t\u00f6bb minden t\u00f6rt\u00e9nik, ann\u00e1l jobb!<\/p>\n<p><span>Nagyon kedvez\u0151 \u00e1rakon tudjuk adni a teret, ha besz\u00e9l\u00fcnk \u00e9s j\u00f3 az \u00f6sszhang, nektek is megfelel a t\u00e9r meg nek\u00fcnk is az aj\u00e1nlat, akkor tal\u00e1lunk olyan megold\u00e1st, amivel mindenki j\u00f3l j\u00e1r. Mivel ez egy szerelemprojekt, fontos,hogy olyan emberekkel dolgozzunk egy\u00fctt, akik szint\u00e9n elk\u00f6telezettek \u00e9s saj\u00e1tjukk\u00e9nt gondoskodnak a helyr\u0151l.<\/span><\/p>\n<\/div>\n<p>[\/et_pb_text][et_pb_gallery gallery_ids=&#8221;123,93,99,107&#8243; show_title_and_caption=&#8221;off&#8221; show_pagination=&#8221;off&#8221; _builder_version=&#8221;4.27.4&#8243; _module_preset=&#8221;default&#8221; custom_margin=&#8221;||-1px|||&#8221; global_colors_info=&#8221;{}&#8221; theme_builder_area=&#8221;post_content&#8221;][\/et_pb_gallery][et_pb_button button_text=&#8221;FOGLALOK&#8221; button_alignment=&#8221;center&#8221; _builder_version=&#8221;4.27.4&#8243; _module_preset=&#8221;default&#8221; custom_button=&#8221;on&#8221; button_text_color=&#8221;#F9F9F4&#8243; button_bg_use_color_gradient=&#8221;on&#8221; button_bg_color_gradient_type=&#8221;circular&#8221; button_bg_color_gradient_direction_radial=&#8221;bottom&#8221; button_bg_color_gradient_stops=&#8221;#edd9ae 0%|rgba(202,108,60,0.9) 61%|rgba(97,119,164,0.61) 99%&#8221; button_bg_image=&#8221;https:\/\/szendvicsbarhub.hu\/wp-content\/uploads\/2025\/07\/magicpattern-mesh-gradient-1752050012711-e1752050612765.webp&#8221; button_border_width=&#8221;0px&#8221; button_border_color=&#8221;#CA6C3C&#8221; button_border_radius=&#8221;16px&#8221; button_font=&#8221;Archivo Black||||||||&#8221; hover_enabled=&#8221;0&#8243; box_shadow_style=&#8221;preset6&#8243; global_colors_info=&#8221;{}&#8221; theme_builder_area=&#8221;post_content&#8221; sticky_enabled=&#8221;0&#8243;][\/et_pb_button][\/et_pb_column][\/et_pb_row][\/et_pb_section]<\/p>","protected":false},"excerpt":{"rendered":"<p>nemzetk\u00f6zi \u00b7 multikulti \u00b7 befogad\u00f3 \u00b7 otthonos \u00b7 szabad \u00b7 sokf\u00e9le \u00b7 hozz\u00e1f\u00e9rhet\u0151 \u00b7 v\u00e1rosi \u00b7 m\u0171v\u00e9szeti \u00b7 interdiszciplin\u00e1ris \u00b7 finomA Hely szellemis\u00e9g\u00e9r\u0151l A Keletihez k\u00f6zel (Istv\u00e1n u. 27) m\u0171v\u00e9szek \u00e9s sz\u00ednh\u00e1zi alkot\u00f3k \u00f6sszefog\u00e1s\u00e1val egy \u00e9vtizedig \u00fcresen \u00e1ll\u00f3 \u00fczletet gondolunk \u00fajra. 2022 \u00f3ta vezetj\u00fck \u00f6nk\u00e9ntesen a teret \u00e9s szervez\u00fcnk k\u00f6z\u00f6ss\u00e9gi programokat, amivel c\u00e9lunk, hogy a szomsz\u00e9ds\u00e1got szolg\u00e1lja, \u00e9s egyfajta &#8216;sz\u00fcks\u00e9g szob\u00e1jak\u00e9nt&#8217; helyet kaphasson itt minden program, ami sz\u00fcks\u00e9ges vagy m\u00e1shol nem tal\u00e1l tet\u0151t. F\u00f3kuszunkban a k\u00fcl\u00f6nb\u00f6z\u00f6 s\u00e9r\u00fcl\u00e9keny vagy marginaliz\u00e1lt csoportok t\u00e1mogat\u00e1sa, radik\u00e1lis szolidarit\u00e1s, interkultur\u00e1lis kapcsol\u00f3d\u00e1s, bev\u00e1ndorl\u00f3k \u00e9s expatok sz\u00e1m\u00e1ra idegennyelven el\u00e9rhet\u0151 esem\u00e9nyek, t\u00e1rsadalmilag elk\u00f6telezett kezdem\u00e9nyez\u00e9sek, sz\u00f3val mindenf\u00e9le klassz javaslat, ami a k\u00f6z\u00f6ss\u00e9get \u00e9s az emberi meg k\u00f6rnyezeti fenntarthat\u00f3s\u00e1got t\u00e1mogatja. Van kreat\u00edv \u00edr\u00f3k\u00f6r, angolnyelv\u0171 dr\u00e1maklub, ki\u00e1ll\u00edt\u00e1sok, szolidarit\u00e1si csoport, h\u00e1bor\u00fas z\u00f3n\u00e1ban \u00e9l\u0151ket t\u00e1mogat\u00f3 szolidarit\u00e1si filmvet\u00edt\u00e9sek, visible mending workshop, k\u00f6z\u00f6ss\u00e9gi vacsor\u00e1k queereknek \u00e9s n\u0151knek, t\u00e1borok, sz\u00ednh\u00e1zi \u00e9s performat\u00edv esem\u00e9nyek, b\u00e1bel\u0151ad\u00e1s, ruhacsere, f\u0151z\u0151kurzus, id\u0151seknek er\u0151s\u00edt\u0151 \u00e9s testtudatos mozg\u00e1s\u00f3r\u00e1k, stb stb \u00e9s m\u00e9g ezer terv amiket lassan felg\u00f6ngy\u00f6lget\u00fcnk. &nbsp; &nbsp; MIT V\u00c1RUNK? Ha van egy j\u00f3 \u00f6tleted, aminek csak hely kell \u00e9s \u00fagy \u00e9rzed, egy hasonl\u00f3 hangulat\u00fa placcon j\u00f3 helye lenne, keress minket b\u00e1tran! Els\u0151sorban olyan rendszeres csoportokat v\u00e1runk,akik h\u00e9tf\u0151nk\u00e9nt\/keddenk\u00e9nt\/szerda d\u00e9lut\u00e1nonk\u00e9nt j\u00f6nn\u00e9nek hozz\u00e1nk. De alkalmi \u00f6tletek, vagy m\u00e1s ig\u00e9ny is sz\u00f3baj\u00f6het, am\u00edg van szabad id\u0151pontunk, [&hellip;]<\/p>","protected":false},"author":1,"featured_media":0,"parent":46,"menu_order":0,"comment_status":"closed","ping_status":"closed","template":"","meta":{"_et_pb_use_builder":"on","_et_pb_old_content":"<!-- wp:divi\/placeholder \/-->","_et_gb_content_width":"","footnotes":""},"class_list":["post-54","page","type-page","status-publish","hentry"],"_links":{"self":[{"href":"https:\/\/szendvicsbarhub.hu\/en\/wp-json\/wp\/v2\/pages\/54","targetHints":{"allow":["GET"]}}],"collection":[{"href":"https:\/\/szendvicsbarhub.hu\/en\/wp-json\/wp\/v2\/pages"}],"about":[{"href":"https:\/\/szendvicsbarhub.hu\/en\/wp-json\/wp\/v2\/types\/page"}],"author":[{"embeddable":true,"href":"https:\/\/szendvicsbarhub.hu\/en\/wp-json\/wp\/v2\/users\/1"}],"replies":[{"embeddable":true,"href":"https:\/\/szendvicsbarhub.hu\/en\/wp-json\/wp\/v2\/comments?post=54"}],"version-history":[{"count":3,"href":"https:\/\/szendvicsbarhub.hu\/en\/wp-json\/wp\/v2\/pages\/54\/revisions"}],"predecessor-version":[{"id":152,"href":"https:\/\/szendvicsbarhub.hu\/en\/wp-json\/wp\/v2\/pages\/54\/revisions\/152"}],"up":[{"embeddable":true,"href":"https:\/\/szendvicsbarhub.hu\/en\/wp-json\/wp\/v2\/pages\/46"}],"wp:attachment":[{"href":"https:\/\/szendvicsbarhub.hu\/en\/wp-json\/wp\/v2\/media?parent=54"}],"curies":[{"name":"wp","href":"https:\/\/api.w.org\/{rel}","templated":true}]}}